{"id":148,"date":"2025-02-17T10:20:29","date_gmt":"2025-02-17T10:20:29","guid":{"rendered":"https:\/\/sentivopl.com\/?page_id=148"},"modified":"2025-09-12T08:23:33","modified_gmt":"2025-09-12T07:23:33","slug":"kogo-szukamy","status":"publish","type":"page","link":"https:\/\/sentivopl.com\/index.php\/kogo-szukamy\/","title":{"rendered":"Kogo szukamy?"},"content":{"rendered":"\t\t<div data-elementor-type=\"wp-page\" data-elementor-id=\"148\" class=\"elementor elementor-148\">\n\t\t\t\t<div class=\"elementor-element elementor-element-5c8f20f3 e-con-full e-flex e-con e-parent\" data-id=\"5c8f20f3\" data-element_type=\"container\">\n\t\t\t\t<div class=\"elementor-element elementor-element-ae3b8e6 elementor-widget__width-inherit elementor-widget elementor-widget-text-editor\" data-id=\"ae3b8e6\" data-element_type=\"widget\" data-widget_type=\"text-editor.default\">\n\t\t\t\t<div class=\"elementor-widget-container\">\n\t\t\t\t\t\t\t\t\t<div class=\"wp-block-group has-global-padding is-layout-constrained wp-block-group-is-layout-constrained\"><div class=\"wp-block-group has-global-padding is-layout-constrained wp-block-group-is-layout-constrained\"><p class=\"has-text-align-center\">Sentivo to po \u0142acinie uczucie\u2026<\/p><p class=\"has-text-align-center\">Dzia\u0142aj z sercem \u2013 poznawaj \u015awiat!<\/p><\/div><p class=\"has-text-align-center has-medium-font-size\">Sentivo.pl poszukuje opiekunek i opiekun\u00f3w, kt\u00f3rzy maj\u0105 serce pe\u0142ne empatii i troski o innych. Jeste\u015bmy przekonani, \u017ce ka\u017cda osoba, kt\u00f3ra wybierze prac\u0119 w naszej firmie otrzyma w zamian nie tylko adekwatne wynagrodzenie, ale r\u00f3wnie\u017c zainteresowanie swoj\u0105 osob\u0105 naszego teamu rekruter\u00f3w, \u00a0koordynator\u00f3w i doradc\u00f3w online.<\/p><\/div>\t\t\t\t\t\t\t\t<\/div>\n\t\t\t\t<\/div>\n\t\t\t\t<\/div>\n\t\t<div class=\"elementor-element elementor-element-566ded1 e-con-full e-flex e-con e-parent\" data-id=\"566ded1\" data-element_type=\"container\">\n\t\t\t\t<div class=\"elementor-element elementor-element-8ed419f elementor-widget elementor-widget-image\" data-id=\"8ed419f\" data-element_type=\"widget\" data-widget_type=\"image.default\">\n\t\t\t\t<div class=\"elementor-widget-container\">\n\t\t\t\t\t\t\t\t\t\t\t\t\t\t\t<img fetchpriority=\"high\" decoding=\"async\" width=\"1131\" height=\"544\" src=\"https:\/\/sentivopl.com\/wp-content\/uploads\/2025\/02\/6a2e9c_8ccbaefd25a04f3fb6bda470f98ada45mv2.avif\" class=\"attachment-full size-full wp-image-157\" alt=\"\" srcset=\"https:\/\/sentivopl.com\/wp-content\/uploads\/2025\/02\/6a2e9c_8ccbaefd25a04f3fb6bda470f98ada45mv2.avif 1131w, https:\/\/sentivopl.com\/wp-content\/uploads\/2025\/02\/6a2e9c_8ccbaefd25a04f3fb6bda470f98ada45mv2-300x144.avif 300w, https:\/\/sentivopl.com\/wp-content\/uploads\/2025\/02\/6a2e9c_8ccbaefd25a04f3fb6bda470f98ada45mv2-1024x493.avif 1024w, https:\/\/sentivopl.com\/wp-content\/uploads\/2025\/02\/6a2e9c_8ccbaefd25a04f3fb6bda470f98ada45mv2-768x369.avif 768w\" sizes=\"(max-width: 1131px) 100vw, 1131px\" \/>\t\t\t\t\t\t\t\t\t\t\t\t\t\t\t<\/div>\n\t\t\t\t<\/div>\n\t\t\t\t<\/div>\n\t\t<div class=\"elementor-element elementor-element-f408f6c e-flex e-con-boxed e-con e-parent\" data-id=\"f408f6c\" data-element_type=\"container\">\n\t\t\t\t\t<div class=\"e-con-inner\">\n\t\t\t\t<div class=\"elementor-element elementor-element-04a3782 elementor-widget-divider--view-line elementor-widget elementor-widget-divider\" data-id=\"04a3782\" data-element_type=\"widget\" data-widget_type=\"divider.default\">\n\t\t\t\t<div class=\"elementor-widget-container\">\n\t\t\t\t\t\t\t<div class=\"elementor-divider\">\n\t\t\t<span class=\"elementor-divider-separator\">\n\t\t\t\t\t\t<\/span>\n\t\t<\/div>\n\t\t\t\t\t\t<\/div>\n\t\t\t\t<\/div>\n\t\t\t\t<div class=\"elementor-element elementor-element-83b9abd elementor-widget elementor-widget-image\" data-id=\"83b9abd\" data-element_type=\"widget\" data-widget_type=\"image.default\">\n\t\t\t\t<div class=\"elementor-widget-container\">\n\t\t\t\t\t\t\t\t\t\t\t\t\t\t\t<img decoding=\"async\" width=\"1024\" height=\"125\" src=\"https:\/\/sentivopl.com\/wp-content\/uploads\/2025\/02\/4-1024x125.png\" class=\"attachment-large size-large wp-image-162\" alt=\"\" srcset=\"https:\/\/sentivopl.com\/wp-content\/uploads\/2025\/02\/4-1024x125.png 1024w, https:\/\/sentivopl.com\/wp-content\/uploads\/2025\/02\/4-300x37.png 300w, https:\/\/sentivopl.com\/wp-content\/uploads\/2025\/02\/4-768x94.png 768w, https:\/\/sentivopl.com\/wp-content\/uploads\/2025\/02\/4-1536x187.png 1536w, https:\/\/sentivopl.com\/wp-content\/uploads\/2025\/02\/4.png 1568w\" sizes=\"(max-width: 1024px) 100vw, 1024px\" \/>\t\t\t\t\t\t\t\t\t\t\t\t\t\t\t<\/div>\n\t\t\t\t<\/div>\n\t\t\t\t<div class=\"elementor-element elementor-element-cb22d58 elementor-widget elementor-widget-heading\" data-id=\"cb22d58\" data-element_type=\"widget\" data-widget_type=\"heading.default\">\n\t\t\t\t<div class=\"elementor-widget-container\">\n\t\t\t\t\t<h2 class=\"elementor-heading-title elementor-size-default\">By\u0107 mo\u017ce szukamy w\u0142asnie Ciebie<\/h2>\t\t\t\t<\/div>\n\t\t\t\t<\/div>\n\t\t\t\t<div class=\"elementor-element elementor-element-991176c elementor-widget-divider--view-line elementor-widget elementor-widget-divider\" data-id=\"991176c\" data-element_type=\"widget\" data-widget_type=\"divider.default\">\n\t\t\t\t<div class=\"elementor-widget-container\">\n\t\t\t\t\t\t\t<div class=\"elementor-divider\">\n\t\t\t<span class=\"elementor-divider-separator\">\n\t\t\t\t\t\t<\/span>\n\t\t<\/div>\n\t\t\t\t\t\t<\/div>\n\t\t\t\t<\/div>\n\t\t\t\t<div class=\"elementor-element elementor-element-bab2646 elementor-widget elementor-widget-text-editor\" data-id=\"bab2646\" data-element_type=\"widget\" data-widget_type=\"text-editor.default\">\n\t\t\t\t<div class=\"elementor-widget-container\">\n\t\t\t\t\t\t\t\t\t<div id=\"bgLayers_comp-lkl3gj7u1\" class=\"MW5IWV\" data-hook=\"bgLayers\" data-motion-part=\"BG_LAYER comp-lkl3gj7u1\">\n<p id=\"bgMedia_comp-lkl3gj7u1\" class=\"VgO9Yg\" data-motion-part=\"BG_MEDIA comp-lkl3gj7u1\">&nbsp;<span style=\"color: var( --e-global-color-text ); font-family: var( --e-global-typography-text-font-family ), Sans-serif; text-align: var(--text-align); background-color: var(--wp--preset--color--base); font-size: var(--wp--preset--font-size--medium);\">Je\u015bli jeste\u015b osob\u0105 odpowiedzialn\u0105, ciep\u0142\u0105, \u017cyczliw\u0105 i gotow\u0105 po\u015bwi\u0119ci\u0107 sw\u00f3j czas, aby pom\u00f3c innym, to w\u0142a\u015bnie Ciebie szukamy! Wa\u017cne jest dla nas, aby\u015b mia\u0142a pozytywne podej\u015bcie do \u017cycia i by\u0142a gotowa stworzy\u0107 przyjazn\u0105 atmosfer\u0119 dla naszych podopiecznych.<\/span><\/p>\n<\/div>\n<div class=\"\" data-mesh-id=\"comp-lkl3gj7u1inlineContent\" data-testid=\"inline-content\">\n<div data-mesh-id=\"comp-lkl3gj7u1inlineContent-gridContainer\" data-testid=\"mesh-container-content\">\n<div id=\"comp-lkl3gj85\" class=\"HcOXKn c9GqVL QxJLC3 lq2cno YQcXTT comp-lkl3gj85 wixui-rich-text\" data-testid=\"richTextElement\">\n<p class=\"font_8 wixui-rich-text__text\"><b><span class=\"wixui-rich-text__text\">U nas liczy si\u0119 nie tylko do\u015bwiadczenie, ale r\u00f3wnie\u017c ch\u0119\u0107 do nauki i rozwoju. Wspieramy naszych pracownik\u00f3w, zapewniaj\u0105c im szkolenia doskonalenia kompetencji i&nbsp;<\/span><span class=\"wixui-rich-text__text\">j\u0119zyka<\/span><span class=\"wixui-rich-text__text\">&nbsp;niemieckiego.&nbsp;<\/span><\/b><\/p>\n<p class=\"font_8 wixui-rich-text__text\"><span class=\"wixui-rich-text__text\">Opiekunowie, kt\u00f3rych szukamy, to osoby, kt\u00f3re s\u0105 cierpliwe, zdolne do s\u0142uchania i gotowe do wspierania senior\u00f3w w ich codziennych czynno\u015bciach. Wa\u017cne jest, aby byli zaanga\u017cowani i elastyczni, aby mogli dostosowa\u0107 si\u0119 do r\u00f3\u017cnorodnych potrzeb naszych podopiecznych.<\/span><\/p>\n<p class=\"font_8 wixui-rich-text__text\"><span class=\"wixui-rich-text__text\">Praca jako opiekun w Sentivo, to nie tylko wyzwanie, ale r\u00f3wnie\u017c niezwykle satysfakcjonuj\u0105ce do\u015bwiadczenie. Daje Ci to mo\u017cliwo\u015b\u0107 pomocy innym i zrozumienia, jak wa\u017cna jest nasza rola w \u017cyciu senior\u00f3w.<\/span><\/p>\n<p class=\"font_8 wixui-rich-text__text\"><span class=\"wixui-rich-text__text\">Je\u015bli czujesz, \u017ce ta praca jest dla Ciebie i chcesz do\u0142\u0105czy\u0107 do naszej profesjonalnej i serdecznej ekipy, czekamy na Twoj\u0105 aplikacj\u0119! Razem mo\u017cemy tworzy\u0107 pi\u0119kne chwile dla naszych podopiecznych i sprawi\u0107, \u017ce ich \u017cycie b\u0119dzie bardziej radosne i pe\u0142ne empatii.<\/span><\/p>\n<\/div>\n<\/div>\n<\/div>\t\t\t\t\t\t\t\t<\/div>\n\t\t\t\t<\/div>\n\t\t\t\t\t<\/div>\n\t\t\t\t<\/div>\n\t\t\t\t<\/div>\n\t\t","protected":false},"excerpt":{"rendered":"<p>Kogo szukamy? Sentivo to po \u0142acinie uczucie\u2026 Dzia\u0142aj z sercem \u2013 poznawaj \u015awiat! Sentivo.pl poszukuje opiekunek i opiekun\u00f3w, kt\u00f3rzy maj\u0105 serce pe\u0142ne empatii i troski o innych. Jeste\u015bmy przekonani, \u017ce ka\u017cda osoba, kt\u00f3ra wybierze prac\u0119 w naszej firmie otrzyma w zamian nie tylko adekwatne wynagrodzenie, ale r\u00f3wnie\u017c zainteresowanie swoj\u0105 osob\u0105 naszego teamu rekruter\u00f3w, &nbsp;koordynator\u00f3w i [&hellip;]<\/p>\n","protected":false},"author":1,"featured_media":0,"parent":0,"menu_order":0,"comment_status":"closed","ping_status":"closed","template":"elementor_theme","meta":{"footnotes":""},"class_list":["post-148","page","type-page","status-publish","hentry"],"_links":{"self":[{"href":"https:\/\/sentivopl.com\/index.php\/wp-json\/wp\/v2\/pages\/148","targetHints":{"allow":["GET"]}}],"collection":[{"href":"https:\/\/sentivopl.com\/index.php\/wp-json\/wp\/v2\/pages"}],"about":[{"href":"https:\/\/sentivopl.com\/index.php\/wp-json\/wp\/v2\/types\/page"}],"author":[{"embeddable":true,"href":"https:\/\/sentivopl.com\/index.php\/wp-json\/wp\/v2\/users\/1"}],"replies":[{"embeddable":true,"href":"https:\/\/sentivopl.com\/index.php\/wp-json\/wp\/v2\/comments?post=148"}],"version-history":[{"count":85,"href":"https:\/\/sentivopl.com\/index.php\/wp-json\/wp\/v2\/pages\/148\/revisions"}],"predecessor-version":[{"id":573,"href":"https:\/\/sentivopl.com\/index.php\/wp-json\/wp\/v2\/pages\/148\/revisions\/573"}],"wp:attachment":[{"href":"https:\/\/sentivopl.com\/index.php\/wp-json\/wp\/v2\/media?parent=148"}],"curies":[{"name":"wp","href":"https:\/\/api.w.org\/{rel}","templated":true}]}}