{"id":293,"date":"2025-02-17T11:41:14","date_gmt":"2025-02-17T11:41:14","guid":{"rendered":"https:\/\/sentivopl.com\/?page_id=293"},"modified":"2025-02-17T12:53:40","modified_gmt":"2025-02-17T12:53:40","slug":"polityka-prywatnosci","status":"publish","type":"page","link":"https:\/\/sentivopl.com\/index.php\/polityka-prywatnosci\/","title":{"rendered":"Polityka prywatno\u015bci"},"content":{"rendered":"\n<h1 class=\"wp-block-heading has-text-align-center has-custom-color-1-color has-text-color has-link-color has-body-font-family wp-elements-2029b4848011f30cd3fa1f13f8ae0ce6\"><strong>Polityka prywatno\u015bci<\/strong><\/h1>\n\n\n\n<figure class=\"wp-block-image alignwide size-full\" style=\"margin-top:var(--wp--preset--spacing--10);margin-right:var(--wp--preset--spacing--10);margin-bottom:var(--wp--preset--spacing--10);margin-left:var(--wp--preset--spacing--10)\"><img fetchpriority=\"high\" decoding=\"async\" width=\"1841\" height=\"686\" src=\"https:\/\/sentivopl.com\/wp-content\/uploads\/2025\/02\/6a2e9c_ad6fb744611d422fa3645c604575f998mv2.avif\" alt=\"\" class=\"wp-image-301\" srcset=\"https:\/\/sentivopl.com\/wp-content\/uploads\/2025\/02\/6a2e9c_ad6fb744611d422fa3645c604575f998mv2.avif 1841w, https:\/\/sentivopl.com\/wp-content\/uploads\/2025\/02\/6a2e9c_ad6fb744611d422fa3645c604575f998mv2-300x112.avif 300w, https:\/\/sentivopl.com\/wp-content\/uploads\/2025\/02\/6a2e9c_ad6fb744611d422fa3645c604575f998mv2-1024x382.avif 1024w, https:\/\/sentivopl.com\/wp-content\/uploads\/2025\/02\/6a2e9c_ad6fb744611d422fa3645c604575f998mv2-768x286.avif 768w, https:\/\/sentivopl.com\/wp-content\/uploads\/2025\/02\/6a2e9c_ad6fb744611d422fa3645c604575f998mv2-1536x572.avif 1536w\" sizes=\"(max-width: 1841px) 100vw, 1841px\" \/><\/figure>\n\n\n\n<div class=\"wp-block-group alignfull has-base-color has-custom-color-2-background-color has-text-color has-background has-link-color wp-elements-ee12654734c19aa3fbe1718cb1e90d87 has-global-padding is-layout-constrained wp-container-core-group-is-layout-d89aad35 wp-block-group-is-layout-constrained\" style=\"margin-top:0;margin-bottom:0;padding-top:var(--wp--preset--spacing--50);padding-right:var(--wp--preset--spacing--50);padding-bottom:var(--wp--preset--spacing--50);padding-left:var(--wp--preset--spacing--50)\">\n<h2 class=\"wp-block-heading alignwide has-contrast-color has-text-color has-link-color wp-elements-e32ff77c2be9a6b8123d2d86d732a8fe\" style=\"font-size:clamp(3.426rem, 3.426rem + ((1vw - 0.2rem) * 5.957), 7rem);letter-spacing:-0.02em\">Polityka prywatno\u015bci<\/h2>\n\n\n\n<div class=\"wp-block-group alignwide is-layout-flow wp-block-group-is-layout-flow\">\n<hr class=\"wp-block-separator has-text-color has-base-color has-alpha-channel-opacity has-base-background-color has-background is-style-wide\" style=\"margin-top:var(--wp--preset--spacing--30);margin-bottom:var(--wp--preset--spacing--30)\"\/>\n\n\n\n<h3 class=\"wp-block-heading alignwide has-contrast-color has-text-color has-link-color wp-elements-1688f10d105b97d22239ca2f5202da89\">Przetwarzanie danych przez sp\u00f3\u0142k\u0119 SENTIVO.PL sp. z o.o. mo\u017cna podzieli\u0107 na dwie kategorie:<\/h3>\n\n\n\n<ul class=\"wp-block-list\">\n<li class=\"has-contrast-color has-text-color has-link-color wp-elements-b896bc555f920cbeb4a160465048e10d\">w celu realizacji umowy przetwarzane s\u0105 wszystkie dane niezb\u0119dne do realizacji umowy ze sp\u00f3\u0142k\u0105 SENTIVO.PL sp. z o.o.<\/li>\n<\/ul>\n\n\n\n<ul class=\"wp-block-list\">\n<li class=\"has-contrast-color has-text-color has-link-color wp-elements-d9e5cb93cc087dd9370c47d35c1a3cec\">wraz z wy\u015bwietleniem strony internetowej sp\u00f3\u0142ki SENTIVO.PL sp. z o.o. nast\u0119puje wymiana r\u00f3\u017cnych informacji mi\u0119dzy Pa\u0144stwa urz\u0105dzeniem ko\u0144cowym i naszym serwerem. Mog\u0105 to by\u0107 r\u00f3wnie\u017c dane osobowe. Zgromadzone w ten spos\u00f3b informacje s\u0105 wykorzystywane m.in. do optymalizacji&nbsp; &nbsp;naszej&nbsp; strony&nbsp; internetowej&nbsp; lub&nbsp; do&nbsp; wy\u015bwietlania&nbsp; &nbsp;reklam w przegl\u0105darce Pa\u0144stwa urz\u0105dzenia ko\u0144cowego.<\/li>\n<\/ul>\n\n\n\n<hr class=\"wp-block-separator has-text-color has-base-color has-alpha-channel-opacity has-base-background-color has-background is-style-wide\" style=\"margin-top:var(--wp--preset--spacing--30);margin-bottom:var(--wp--preset--spacing--30)\"\/>\n\n\n\n<h3 class=\"wp-block-heading alignwide has-contrast-color has-text-color has-link-color wp-elements-b55ae087c47340e9a713cc2636fbacef\">Wy\u015bwietlanie strony internetowej<\/h3>\n\n\n\n<p class=\"has-contrast-color has-text-color has-link-color wp-elements-ab3d0c8d422eb906448d9255b8540c60\">Podczas wy\u015bwietlania naszej strony internetowej dzia\u0142aj\u0105ca na Pa\u0144stwa urz\u0105dzeniu ko\u0144cowym przegl\u0105darka bez Pa\u0144stwa udzia\u0142u wysy\u0142a na serwer naszej strony i czasowo zapisuje:<\/p>\n\n\n\n<ul class=\"wp-block-list\">\n<li class=\"has-contrast-color has-text-color has-link-color wp-elements-adb94239156ea61361b4c03c7f68cce4\">adres IP kompatybilnego z Internetem urz\u0105dzenia, na kt\u00f3rym jest wy\u015bwietlana strona,<\/li>\n\n\n\n<li class=\"has-contrast-color has-text-color has-link-color wp-elements-3164782b46e0c2da4de0c2b58c078321\">dat\u0119 i godzin\u0119 wej\u015bcia,<\/li>\n\n\n\n<li class=\"has-contrast-color has-text-color has-link-color wp-elements-379548e8def4d8c86d10d64ec41049b5\">nazw\u0119 i adres URL wy\u015bwietlanego pliku,<\/li>\n\n\n\n<li class=\"has-contrast-color has-text-color has-link-color wp-elements-b0945992be5363e0979f4ee6b3892e0c\">stron\u0119 \/ aplikacj\u0119,&nbsp; &nbsp;z&nbsp; &nbsp;kt\u00f3rej&nbsp; &nbsp;nast\u0105pi\u0142o&nbsp; &nbsp;wej\u015bcie&nbsp; &nbsp; (adres&nbsp; &nbsp;URL&nbsp; strony),&nbsp; u\u017cyt\u0105&nbsp; przez&nbsp; Pa\u0144stwa&nbsp; &nbsp;przegl\u0105dark\u0119&nbsp;<br>i&nbsp; &nbsp;ewentualnie&nbsp; system&nbsp; &nbsp;operacyjny&nbsp; Pa\u0144stwa&nbsp; komputera&nbsp; &nbsp;po\u0142\u0105czonego z Internetem oraz nazw\u0119 operatora Internetu w nast\u0119puj\u0105cych celach:<\/li>\n\n\n\n<li class=\"has-contrast-color has-text-color has-link-color wp-elements-11a310dee881aadfdf4a23c451f1baa3\">zagwarantowanie niezak\u0142\u00f3conego tworzenia po\u0142\u0105czenia,<\/li>\n\n\n\n<li class=\"has-contrast-color has-text-color has-link-color wp-elements-e5ef542335309e9780a4f266400a0338\">zagwarantowanie komfortowego korzystania z naszej strony internetowej \/ aplikacji,<\/li>\n\n\n\n<li class=\"has-contrast-color has-text-color has-link-color wp-elements-d747a3d8418baedb98eaaa0827c21d78\">analiza bezpiecze\u0144stwa i stabilno\u015bci systemu.<\/li>\n<\/ul>\n\n\n\n<p class=\"has-contrast-color has-text-color has-link-color wp-elements-bd0ac99b94f22845b313562af0977cdf\">Podstaw\u0119 prawn\u0105 przetwarzania adresu IP oraz pozosta\u0142ych danych wskazanych powy\u017cej stanowi&nbsp; &nbsp; artyku\u0142&nbsp; &nbsp; 6&nbsp; &nbsp; ust\u0119p&nbsp; &nbsp; 1&nbsp; &nbsp; litera&nbsp; &nbsp; f)&nbsp; &nbsp;RODO.&nbsp; &nbsp;Nasz&nbsp; &nbsp; uzasadniony&nbsp; &nbsp;interes&nbsp; &nbsp; wynika z wymienionych powy\u017cej cel\u00f3w przetwarzania danych. Je\u017celi prezentacja s\u0142u\u017cy przygotowaniu umowy, podstaw\u0105 prawn\u0105 przetwarzania jest art. 6 ust. 1 lit. b) RODO. Dane&nbsp; nie&nbsp; s\u0105&nbsp; &nbsp;przekazywane&nbsp; &nbsp;os.&nbsp; &nbsp;trzecim.&nbsp; &nbsp;Dane&nbsp; &nbsp;s\u0105&nbsp; &nbsp;przechowywane&nbsp; przez okres 7 dni, a nast\u0119pnie automatycznie usuwane.<\/p>\n\n\n\n<hr class=\"wp-block-separator has-text-color has-base-color has-alpha-channel-opacity has-base-background-color has-background is-style-wide\" style=\"margin-top:var(--wp--preset--spacing--30);margin-bottom:var(--wp--preset--spacing--30)\"\/>\n\n\n\n<h3 class=\"wp-block-heading alignwide has-contrast-color has-text-color has-link-color wp-elements-966a5349acd5ffead015f4549516d31e\">Kontakt mailowy i telefoniczny<\/h3>\n\n\n\n<p class=\"has-contrast-color has-text-color has-link-color wp-elements-39a2eb9fb59e3af386334949753694f0\">Dane osobowe, kt\u00f3re powierzaj\u0105 nam Pa\u0144stwo podczas rozm\u00f3w telefonicznych lub przez adres e-mail, maj\u0105 charakter poufny. Wykorzystujemy Pa\u0144stwa dane zgodnie z okre\u015blonym celem przetwarzania, aby m\u00f3c w spos\u00f3b poprawny opracowa\u0107 Pa\u0144stwa zapytania. Podstaw\u0119 prawn\u0105 stanowi art. 6 ust. 1 lit. b) i f) RODO. Nasz i Pa\u0144stwa wsp\u00f3lny, uzasadniony interes polegaj\u0105cy na przetwarzaniu danych wynika, z celu jakim jest odpowiadanie na Pa\u0144stwa zapytania, rozwi\u0105zywanie ewentualnych problem\u00f3w i tym samym utrzymywanie oraz zwi\u0119kszanie Pa\u0144stwa zadowolenia jako klient\u00f3w lub u\u017cytkownik\u00f3w naszej strony internetowej. W wyj\u0105tkowych przypadkach dane s\u0105 przetwarzane na nasze zlecenie przez firm\u0119 podwykonawcz\u0105. Firmy te wybieramy z najwi\u0119ksz\u0105 staranno\u015bci\u0105, poddajemy audytom i w zawartej umowie zobowi\u0105zujemy je do przestrzegania postanowie\u0144 zawartych w artykule 28 RODO.<\/p>\n\n\n\n<hr class=\"wp-block-separator has-text-color has-base-color has-alpha-channel-opacity has-base-background-color has-background is-style-wide\" style=\"margin-top:var(--wp--preset--spacing--30);margin-bottom:var(--wp--preset--spacing--30)\"\/>\n\n\n\n<h3 class=\"wp-block-heading alignwide has-contrast-color has-text-color has-link-color wp-elements-72c10f74c2a84d1b8d90dbed4cb0ada2\">Prawa osoby, kt\u00f3rej dane osobowe dotycz\u0105<\/h3>\n\n\n\n<p class=\"has-contrast-color has-text-color has-link-color wp-elements-7511264ff28d1d7026b8f795e01c0b03\">Je\u017celi spe\u0142nione s\u0105 odpowiednie warunki prawne, opr\u00f3cz prawa do odwo\u0142ania udzielonych nam zg\u00f3d przys\u0142uguj\u0105 Pa\u0144stwu jeszcze nast\u0119puj\u0105ce prawa:<\/p>\n\n\n\n<ul class=\"wp-block-list\">\n<li class=\"has-contrast-color has-text-color has-link-color wp-elements-34bf1560a2f7709ce6233fec8069b056\">prawo do uzyskania informacji o zapisanych u nas Pa\u0144stwa danych osobowych zgodnie z artyku\u0142em 15 RODO,<\/li>\n\n\n\n<li class=\"has-contrast-color has-text-color has-link-color wp-elements-739afd9e7696968c616ef7737330c30a\">prawo do sprostowania niepoprawnych lub uzupe\u0142nienia niekompletnych danych zgodnie z artyku\u0142em 16 RODO,<\/li>\n\n\n\n<li class=\"has-contrast-color has-text-color has-link-color wp-elements-28e5cd473c3435f5a5bc4aa7b00e632f\">prawo do usuni\u0119cia zapisanych u nas Pa\u0144stwa danych zgodnie z artyku\u0142em 17 RODO,<\/li>\n\n\n\n<li class=\"has-contrast-color has-text-color has-link-color wp-elements-3e0e9b472bc07fcb085245ce71b194c6\">prawo do ograniczenia przetwarzania Pa\u0144stwa danych zgodnie z artyku\u0142em 18 RODO,<\/li>\n\n\n\n<li class=\"has-contrast-color has-text-color has-link-color wp-elements-6c99af112369d9d411804666eca53450\">prawo do przenoszenia danych zgodnie z artyku\u0142em 20 RODO,<\/li>\n\n\n\n<li class=\"has-contrast-color has-text-color has-link-color wp-elements-2ecf68dffa84989994fe98bd905b3d78\">prawo do wyra\u017cenia sprzeciwu zgodnie z artyku\u0142em 21 RODO.<\/li>\n<\/ul>\n\n\n\n<p class=\"has-contrast-color has-text-color has-link-color wp-elements-59a5f9a23e6cd2cc424d7cebf6f2e8c6\">W przypadku skorzystania z przys\u0142uguj\u0105cych Pani\/u praw zgodnie z artyku\u0142em 18 udzielenie odpowiedzi na zapytanie podlega udokumentowaniu przez okres 3 lat w celu udokumentowania realizacji przez nas obowi\u0105zk\u00f3w wynikaj\u0105cych z przepis\u00f3w prawa. Okres ten rozpoczyna si\u0119 w momencie udzielenia Pani\/u ostatecznej odpowiedzi.<\/p>\n\n\n\n<p class=\"has-contrast-color has-text-color has-link-color wp-elements-810aa9d53518859cba6a7f60f692e83a\">Zgodnie z art.&nbsp; 15&nbsp; ust.&nbsp; 1&nbsp; RODO&nbsp; maj\u0105&nbsp; &nbsp;Pa\u0144stwo&nbsp; &nbsp;prawo&nbsp; &nbsp;do&nbsp; &nbsp;tego,&nbsp; &nbsp;aby&nbsp; na \u017c\u0105danie otrzyma\u0107 bezp\u0142atn\u0105 informacj\u0119 o danych osobowych zapisanych<br>w zwi\u0105zku z Pa\u0144stwa osob\u0105. Obejmuje to w szczeg\u00f3lno\u015bci kwestie takie jak:<\/p>\n\n\n\n<ul class=\"wp-block-list\">\n<li class=\"has-contrast-color has-text-color has-link-color wp-elements-6904d3449d8c2b4de281aa97f0a1d5d0\">cele, w kt\u00f3rych przetwarzane s\u0105 dane osobowe;<\/li>\n\n\n\n<li class=\"has-contrast-color has-text-color has-link-color wp-elements-2c53914b4b334518a6c34fa6f7b2f53f\">kategorie przetwarzanych danych osobowych;<\/li>\n\n\n\n<li class=\"has-contrast-color has-text-color has-link-color wp-elements-83c4d18685fb539c611eb2f4551895ab\">odbiorca danych lub kategorie odbiorc\u00f3w danych, wobec kt\u00f3rych Pa\u0144stwa dane osobowe zosta\u0142y lub zostan\u0105 jeszcze udost\u0119pnione;<\/li>\n\n\n\n<li class=\"has-contrast-color has-text-color has-link-color wp-elements-1a7799399aa7857f771e16a25c2fc8bf\">planowany okres, przez kt\u00f3ry Pa\u0144stwa dane osobowe b\u0119d\u0105 przechowywane, a je\u017celi konkretne informacje na ten temat nie s\u0105 mo\u017cliwe, kryteria ustalania okresu przechowywania;<\/li>\n\n\n\n<li class=\"has-contrast-color has-text-color has-link-color wp-elements-9dce5d26b38e3d76e626b85ab6604bf6\">prawo do sprostowania lub usuni\u0119cia Pa\u0144stwa danych osobowych, prawo do ograniczenia przetwarzania przez administratora lub prawo do wyra\u017cenia sprzeciwu wobec tego przetwarzania;<\/li>\n\n\n\n<li class=\"has-contrast-color has-text-color has-link-color wp-elements-dad72ea564414c245ac601704bea7487\">prawo do wniesienia skargi do organu nadzorczego;<\/li>\n\n\n\n<li class=\"has-contrast-color has-text-color has-link-color wp-elements-5b02bece56a87269f89d55ae3225dcee\">wszystkie informacje o pochodzeniu danych, je\u017celi dane osobowe nie s\u0105 zbierane od osoby, kt\u00f3rej dotycz\u0105;<\/li>\n<\/ul>\n\n\n\n<p class=\"has-contrast-color has-text-color has-link-color wp-elements-28472022094be7286898f3c881c7c580\">wykorzystanie zautomatyzowanego podejmowania decyzji \u0142\u0105cznie z profilowaniem zgodnie z art. 22 ust. 1 i 4 RODO i \u2013 przynajmniej w tych przypadkach \u2013 rzeczowe informacje o stosowanej logice oraz zasi\u0119gu i zamierzonych skutk\u00f3w takiego przetwarzania wobec osoby, kt\u00f3rej dane dotycz\u0105.<\/p>\n\n\n\n<p class=\"has-contrast-color has-text-color has-link-color wp-elements-3cc76177e58f9cd7db3004d613a38364\">Je\u017celi dane osobowe s\u0105 przekazywane do kraju trzeciego lub organizacji mi\u0119dzynarodowej, maj\u0105 Pa\u0144stwo prawo do uzyskania informacji o odpowiednich gwarancjach zgodnie z art. 46 RODO zwi\u0105zanych z przekazywaniem danych.<\/p>\n\n\n\n<p class=\"has-contrast-color has-text-color has-link-color wp-elements-82abd7c0c823df377668b864d3c8938d\">Zgodnie z art. 16 RODO maj\u0105 Pa\u0144stwo prawo do za\u017c\u0105dania od nas niezw\u0142ocznego sprostowania dotycz\u0105cych Pa\u0144stwa nieprawid\u0142owych danych osobowych. Z uwzgl\u0119dnieniem cel\u00f3w przetwarzania maj\u0105 Pa\u0144stwo prawo do za\u017c\u0105dania uzupe\u0142nienia niekompletnych danych osobowych \u2013 r\u00f3wnie\u017c za pomoc\u0105 o\u015bwiadczenia uzupe\u0142niaj\u0105cego. Maj\u0105 Pa\u0144stwo prawo do za\u017c\u0105dania od nas niezw\u0142ocznego usuni\u0119cia dotycz\u0105cych Pa\u0144stwa danych osobowych, o ile zajdzie jeden z nast\u0119puj\u0105cych powod\u00f3w:<\/p>\n\n\n\n<ul class=\"wp-block-list\">\n<li class=\"has-contrast-color has-text-color has-link-color wp-elements-93dc94699d59567885dfeae1df3403e9\">dane osobowe nie s\u0105 ju\u017c potrzebne do cel\u00f3w, do kt\u00f3rych zosta\u0142y zgromadzone lub przetworzone w inny spos\u00f3b;<\/li>\n\n\n\n<li class=\"has-contrast-color has-text-color has-link-color wp-elements-14ff1f509127402d7cf1cc30260369cc\">odwo\u0142aj\u0105 Pa\u0144stwo zgod\u0119, na podstawie kt\u00f3rej odbywa\u0142o si\u0119 przetwarzanie zgodnie z artyku\u0142em 6 ust\u0119p 1 litera a) lub artyku\u0142em 9 ust\u0119p 2 litera a) RODO i nie b\u0119dzie istnia\u0142a inna podstawa prawna do przetwarzania;<\/li>\n\n\n\n<li class=\"has-contrast-color has-text-color has-link-color wp-elements-605142c180944ca8355061636265b32d\">zgodnie z artyku\u0142em 21 ust\u0119p 1 lub ust\u0119p 2 RODO z\u0142o\u017c\u0105 Pa\u0144stwo sprzeciw wobec przetwarzanie i w przypadku artyku\u0142u 21 ust\u0119p 1 RODO nie b\u0119d\u0105 istnia\u0142y \u017cadne nadrz\u0119dne uzasadnione podstawy do przetwarzania;<\/li>\n\n\n\n<li class=\"has-contrast-color has-text-color has-link-color wp-elements-7489773ba5210c6edd8d0776c9cf28ad\">dane osobowe by\u0142y przetwarzane niezgodnie z prawem; usuni\u0119cie danych osobowych jest wymagane do spe\u0142nienia obowi\u0105zku prawnego;<\/li>\n\n\n\n<li class=\"has-contrast-color has-text-color has-link-color wp-elements-131af3abc97cf42fa92657f8a0de839e\">dane osobowe by\u0142y gromadzone w odniesieniu do oferowanych us\u0142ug spo\u0142ecze\u0144stwa informacyjnego zgodnie z artyku\u0142em 8 ust\u0119p 1 RODO.<\/li>\n<\/ul>\n\n\n\n<p class=\"has-contrast-color has-text-color has-link-color wp-elements-da27a2bfe17b35880d550dba86bce254\">Je\u017celi udost\u0119pnili\u015bmy dane osobowe i jeste\u015bmy zobowi\u0105zani do ich usuni\u0119cia, to z uwzgl\u0119dnieniem dost\u0119pnych technologii i koszt\u00f3w implementacji podejmujemy stosowne dzia\u0142ania, aby poinformowa\u0107 osoby trzecie przetwarzaj\u0105ce Pa\u0144stwa dane o tym, \u017ce r\u00f3wnie\u017c od nich \u017c\u0105daj\u0105 Pa\u0144stwo usuni\u0119cia wszystkich link\u00f3w do tych danych osobowych lub kopii albo replikacji tych danych osobowych.<\/p>\n\n\n\n<p class=\"has-contrast-color has-text-color has-link-color wp-elements-fb53a2e05f5f43f0622ee1f102e3f4bd\">Zgodnie z artyku\u0142em 18 RODO maj\u0105 Pa\u0144stwo prawo do za\u017c\u0105dania od nas ograniczenia przetwarzania, je\u017celi zajdzie jeden z poni\u017cszych warunk\u00f3w:<\/p>\n\n\n\n<ul class=\"wp-block-list\">\n<li class=\"has-contrast-color has-text-color has-link-color wp-elements-8eca1156982bfc979a060a62cdf7bd8e\">podwa\u017caj\u0105 Pa\u0144stwo prawid\u0142owo\u015b\u0107 danych osobowych;<\/li>\n\n\n\n<li class=\"has-contrast-color has-text-color has-link-color wp-elements-f0dff125fde310b3e122294e242f3756\">przetwarzanie jest niezgodne z prawem i zamiast usuni\u0119cia \u017c\u0105daj\u0105 Pa\u0144stwo ograniczenia wykorzystywania danych osobowych;<\/li>\n\n\n\n<li class=\"has-contrast-color has-text-color has-link-color wp-elements-ba8620050d8ea77faa4f4fce9fd24d22\">administrator nie potrzebuje ju\u017c danych osobowych do cel\u00f3w, w jakich by\u0142y przetwarzane, jednak osobie, kt\u00f3rej dane dotycz\u0105 s\u0105 one potrzebne do wysuni\u0119cia, wykonania lub obrony roszcze\u0144 z tytu\u0142u prawa albo<\/li>\n\n\n\n<li class=\"has-contrast-color has-text-color has-link-color wp-elements-b1197bff0eee6c411f023ee530080241\">z\u0142o\u017cyli Pa\u0144stwo sprzeciw wobec przetwarzania zgodnie z artyku\u0142em 21 ust\u0119p 1 RODO, p\u00f3ki nie jest jasne, czy uzasadnione interesy realizowane przez administratora nie przewa\u017caj\u0105 nad interesami osoby, kt\u00f3rej dane dotycz\u0105. Zgodnie z artyku\u0142em 20 RODO maj\u0105 Pa\u0144stwo prawo do otrzymania udost\u0119pnionych nam swoich danych osobowych w uporz\u0105dkowanym, zwyczajowym formacie umo\u017cliwiaj\u0105cym odczyt maszynowy oraz prawo do niezak\u0142\u00f3conego przez nas przekazania tych danych innemu administratorowi, o ile\n<ul class=\"wp-block-list\">\n<li>przetwarzanie odbywa si\u0119 na podstawie zgody wed\u0142ug artyku\u0142u 6 ust\u0119p 1 litera a) lub artyku\u0142u 9 ust\u0119p 2 litera a) albo na podstawie umowy zgodnie z artyku\u0142em 6 ust\u0119p 1 litera b) RODO i<\/li>\n\n\n\n<li>przetwarzanie odbywa si\u0119 z wykorzystaniem metod zautomatyzowanych.<\/li>\n<\/ul>\n<\/li>\n<\/ul>\n\n\n\n<p class=\"has-contrast-color has-text-color has-link-color wp-elements-7a65dcfa6e0f9d34193a82187ac5059e\">Przy wykonywaniu prawa do przenoszenia danych maj\u0105 Pa\u0144stwo mo\u017cliwo\u015b\u0107 zdecydowania, \u017ce dane osobowe zostan\u0105 przez nas przekazane bezpo\u015brednio innemu administratorowi, o ile jest to wykonalne pod wzgl\u0119dem technicznym.<\/p>\n\n\n\n<p class=\"has-contrast-color has-text-color has-link-color wp-elements-ce0d75edf067af848748262e1667db5a\">Pod warunkami zawartymi w artykule 21 ust. 1 RODO mog\u0105 si\u0119 Pa\u0144stwo sprzeciwi\u0107 przetwarzaniu danych z powod\u00f3w, kt\u00f3re wynikaj\u0105 z Pa\u0144stwa szczeg\u00f3lnej sytuacji.&nbsp; Powy\u017csze&nbsp; og\u00f3lne&nbsp; prawo&nbsp; do&nbsp; &nbsp;sprzeciwu&nbsp; obowi\u0105zuje w odniesieniu do wszystkich opisanych w niniejszej Polityce prywatno\u015bci cel\u00f3w przetwarzania, w ramach kt\u00f3rych przetwarzanie odbywa si\u0119 na podstawie artyku\u0142u 6 ust. 1 lit. f) RODO. Inaczej ni\u017c w przypadku specjalnego prawa do sprzeciwu skierowanego na przetwarzanie danych w celach reklamowych (por\u00f3wnaj powy\u017cej w szczeg\u00f3lno\u015bci punkt 5 i 7.6), zgodnie z RODO do wykonania takiego sprzeciwu jeste\u015bmy zobowi\u0105zani, tylko je\u017celi poinformuj\u0105 nas Pa\u0144stwo o nadrz\u0119dnych powodach, np. mo\u017cliwym zagro\u017ceniu \u017cycia lub zdrowia.<\/p>\n\n\n\n<hr class=\"wp-block-separator has-text-color has-base-color has-alpha-channel-opacity has-base-background-color has-background is-style-wide\" style=\"margin-top:var(--wp--preset--spacing--30);margin-bottom:var(--wp--preset--spacing--30)\"\/>\n\n\n\n<h2 class=\"wp-block-heading\">Pozosta\u0142e informacje<br>w zakresie przetwarzania danych osobowych<\/h2>\n\n\n\n<p class=\"has-contrast-color has-text-color has-link-color wp-elements-a13af38c90278843bb5e406daf432978\"><strong>Osoba kontaktowa<\/strong><br>W przypadku pyta\u0144 dotycz\u0105cych witryny internetowej albo w celu skorzystania ze swoich praw zwi\u0105zanych z przetwarzaniem Pa\u0144stwa danych (prawo do ochrony danych) mog\u0105 si\u0119 Pa\u0144stwo zwr\u00f3ci\u0107 do nas za po\u015brednictwem adresu e-mail: info@sentivopl.com<\/p>\n\n\n\n<p class=\"has-contrast-color has-text-color has-link-color wp-elements-b6d8567d75b7190b4fb57ad9c750a45f\"><br><strong>Prawo do wniesienia skargi<\/strong><br>Maj\u0105 Pa\u0144stwo r\u00f3wnie\u017c prawo do wniesienia skargi do w\u0142a\u015bciwego organu nadzorczego odpowiedzialnego za ochron\u0119 danych. W\u0142a\u015bciwym organem nadzorczym w Polsce jest od 25.05.2018 r. Prezes Urz\u0119du Ochrony Danych Osobowych.<\/p>\n\n\n\n<hr class=\"wp-block-separator has-text-color has-base-color has-alpha-channel-opacity has-base-background-color has-background is-style-wide\" style=\"margin-top:var(--wp--preset--spacing--30);margin-bottom:var(--wp--preset--spacing--30)\"\/>\n\n\n\n<div style=\"margin-top:var(--wp--preset--spacing--10);margin-bottom:0;height:var(--wp--preset--spacing--10)\" aria-hidden=\"true\" class=\"wp-block-spacer\"><\/div>\n\n\n\n<h2 class=\"wp-block-heading\">Dane kontaktowe administratora danych osobowych<\/h2>\n\n\n\n<p class=\"has-contrast-color has-text-color has-link-color wp-elements-2d1d70717a7967da22d407a0e69ed59a\">Niniejsza Polityka prywatno\u015bci obowi\u0105zuje w stosunku do przetwarzania danych przez sp\u00f3\u0142k\u0119 SENTIVO.PL sp. z o.o. z siedzib\u0105 przy ul. Kraszewskiego 7\/1, 85-240 Bydgoszcz (\u201eAdministrator\u201d) i w odniesieniu do strony internetowej www.sentivo.pl.<\/p>\n<\/div>\n<\/div>\n","protected":false},"excerpt":{"rendered":"<p>Polityka prywatno\u015bci Polityka prywatno\u015bci Przetwarzanie danych przez sp\u00f3\u0142k\u0119 SENTIVO.PL sp. z o.o. mo\u017cna podzieli\u0107 na dwie kategorie: Wy\u015bwietlanie strony internetowej Podczas wy\u015bwietlania naszej strony internetowej dzia\u0142aj\u0105ca na Pa\u0144stwa urz\u0105dzeniu ko\u0144cowym przegl\u0105darka bez Pa\u0144stwa udzia\u0142u wysy\u0142a na serwer naszej strony i czasowo zapisuje: Podstaw\u0119 prawn\u0105 przetwarzania adresu IP oraz pozosta\u0142ych danych wskazanych powy\u017cej stanowi&nbsp; &nbsp; artyku\u0142&nbsp; [&hellip;]<\/p>\n","protected":false},"author":1,"featured_media":0,"parent":0,"menu_order":0,"comment_status":"closed","ping_status":"closed","template":"","meta":{"footnotes":""},"class_list":["post-293","page","type-page","status-publish","hentry"],"_links":{"self":[{"href":"https:\/\/sentivopl.com\/index.php\/wp-json\/wp\/v2\/pages\/293","targetHints":{"allow":["GET"]}}],"collection":[{"href":"https:\/\/sentivopl.com\/index.php\/wp-json\/wp\/v2\/pages"}],"about":[{"href":"https:\/\/sentivopl.com\/index.php\/wp-json\/wp\/v2\/types\/page"}],"author":[{"embeddable":true,"href":"https:\/\/sentivopl.com\/index.php\/wp-json\/wp\/v2\/users\/1"}],"replies":[{"embeddable":true,"href":"https:\/\/sentivopl.com\/index.php\/wp-json\/wp\/v2\/comments?post=293"}],"version-history":[{"count":22,"href":"https:\/\/sentivopl.com\/index.php\/wp-json\/wp\/v2\/pages\/293\/revisions"}],"predecessor-version":[{"id":429,"href":"https:\/\/sentivopl.com\/index.php\/wp-json\/wp\/v2\/pages\/293\/revisions\/429"}],"wp:attachment":[{"href":"https:\/\/sentivopl.com\/index.php\/wp-json\/wp\/v2\/media?parent=293"}],"curies":[{"name":"wp","href":"https:\/\/api.w.org\/{rel}","templated":true}]}}